{"id":88,"date":"2024-09-15T20:39:29","date_gmt":"2024-09-15T18:39:29","guid":{"rendered":"http:\/\/staging.teval.com\/?page_id=88"},"modified":"2024-09-18T15:40:39","modified_gmt":"2024-09-18T13:40:39","slug":"privacy-policy","status":"publish","type":"page","link":"https:\/\/www.teval.com\/it_it\/privacy-policy\/","title":{"rendered":"Privacy Policy"},"content":{"rendered":"\n<div id=\"wp-block-themeisle-blocks-advanced-columns-b491ec62\" class=\"wp-block-themeisle-blocks-advanced-columns alignfull has-1-columns has-desktop-equal-layout has-tablet-equal-layout has-mobile-equal-layout has-vertical-top\"><div class=\"wp-block-themeisle-blocks-advanced-columns-overlay\"><\/div><div class=\"innerblocks-wrap\">\n<div id=\"wp-block-themeisle-blocks-advanced-column-78762cf8\" class=\"wp-block-themeisle-blocks-advanced-column\">\n<h1 class=\"wp-block-heading has-text-align-center has-nv-text-dark-bg-color has-text-color has-link-color wp-elements-e8251d78927f925234f3a68d38966ecb\">Privacy Policy<\/h1>\n<\/div>\n<\/div><div class=\"wp-block-themeisle-blocks-advanced-columns-separators bottom\"><svg id=\"bigTriangle\" fill=\"var(--nv-site-bg)\" viewBox=\"0 0 100 100\" width=\"100%\" height=\"100\" preserveAspectRatio=\"none\" xmlns=\"http:\/\/www.w3.org\/2000\/svg\" class=\"rotate\"><path d=\"M0 0 L50 100 L100 0 Z\"><\/path><\/svg><\/div><\/div>\n\n\n\n<div style=\"height:30px\" aria-hidden=\"true\" class=\"wp-block-spacer\"><\/div>\n\n\n\n<p class=\"has-text-align-center\">Informativa ai sensi dell\u2019art. 13 Reg. (UE) 2016\/679 sulla protezione dei dati personali (GDPR) e sull\u2019utilizzo dei cookie nel sito web.<\/p>\n\n\n\n<div style=\"height:50px\" aria-hidden=\"true\" class=\"wp-block-spacer\"><\/div>\n\n\n\n<div class=\"wp-block-columns is-layout-flex wp-container-core-columns-is-layout-9d6595d7 wp-block-columns-is-layout-flex\">\n<div class=\"wp-block-column is-layout-flow wp-block-column-is-layout-flow\">\n<h4 class=\"wp-block-heading has-text-align-center\"><strong><a href=\"#informativa-ai-clienti\">INFORMATIVA AI CLIENTI<\/a><\/strong><\/h4>\n<\/div>\n\n\n\n<div class=\"wp-block-column is-layout-flow wp-block-column-is-layout-flow\">\n<h4 class=\"wp-block-heading has-text-align-center\"><strong><a href=\"#informativa-ai-fornitori\">INFORMATIVA AI FORNITORI<\/a><\/strong><\/h4>\n<\/div>\n<\/div>\n\n\n\n<div style=\"height:50px\" aria-hidden=\"true\" id=\"informativa-ai-clienti\" class=\"wp-block-spacer\"><\/div>\n\n\n\n<h3 class=\"wp-block-heading\">Informativa ai clienti<\/h3>\n\n\n\n<p><strong>TEVAL S.r.l.<\/strong>, con sede in <strong>VIA MURRI 12, 20013 MAGENTA, (MI), CF e P.IVA 10772840962<\/strong> (in seguito, <strong>\u201cTitolare\u201c<\/strong>), in qualit\u00e0 di titolare del trattamento, La informa ai sensi dell\u2019art. 13 Regolamento UE n. 2016\/679 (in seguito, <strong>\u201cGDPR\u201c<\/strong>) che potr\u00e0 trattare, a seconda dei casi, i seguenti dati riferiti a lei e\/o al personale di riferimento (dipendenti o collaboratori) e\/o ai soci o amministratori della societ\u00e0 che rappresenta, ai quali \u00e8 tenuto a comunicare la presente informativa.<\/p>\n\n\n\n<div style=\"height:30px\" aria-hidden=\"true\" class=\"wp-block-spacer\"><\/div>\n\n\n\n<h4 class=\"wp-block-heading\">1. BASE GIURIDICA E FONDAMENTO DEL TRATTAMENTO<\/h4>\n\n\n\n<p>Il trattamento \u00e8 necessario per la gestione di contratti con Lei in corso; a tali fini il Titolare \u00e8 in possesso di Suoi dati qualificati come dati personali ai sensi del GDPR (ad esempio, nome, cognome, ragione sociale, indirizzo, telefono, e-mail, riferimenti bancari e di pagamento \u2013 in seguito, <strong>\u201cdati personali\u201d<\/strong> o anche <strong>\u201cdati\u201c<\/strong>) da Lei comunicati in occasione della conclusione di contratti per i servizi del Titolare, anche in sede precontrattuale.<br>In conformit\u00e0 alle condizioni previste dall\u2019art. 6, par. 1, lett. b), c), d), e) GDPR, La informiamo che il conferimento dei Suoi Dati \u00e8 volto al perseguimento delle finalit\u00e0 di cui al punto 2) che segue.<\/p>\n\n\n\n<div style=\"height:30px\" aria-hidden=\"true\" class=\"wp-block-spacer\"><\/div>\n\n\n\n<h4 class=\"wp-block-heading\">2. FINALIT\u00c0 DEL TRATTAMENTO<\/h4>\n\n\n\n<p>I Suoi dati personali sono trattati, anche senza il Suo consenso espresso (art. 6 lett. b), e), f) GDPR), per le seguenti Finalit\u00e0:<\/p>\n\n\n\n<ul class=\"wp-block-list\">\n<li>concludere i contratti per le prestazioni rese dal Titolare nell\u2019esercizio dell\u2019attivit\u00e0 di impresa;<\/li>\n\n\n\n<li>adempiere agli obblighi precontrattuali, contrattuali e fiscali derivanti da rapporti con Lei in essere;<\/li>\n\n\n\n<li>adempiere agli obblighi previsti dalla legge, da un regolamento, dalla normativa comunitaria o da un ordine dell\u2019Autorit\u00e0 (come ad esempio in materia di antiriciclaggio);<\/li>\n\n\n\n<li>esercitare i diritti del Titolare, ad esempio il diritto di difesa in giudizio;<\/li>\n<\/ul>\n\n\n\n<div style=\"height:30px\" aria-hidden=\"true\" class=\"wp-block-spacer\"><\/div>\n\n\n\n<h4 class=\"wp-block-heading\">3. MODALIT\u00c0 DI TRATTAMENTO<\/h4>\n\n\n\n<p>Il trattamento dei Suoi dati personali \u00e8 realizzato per mezzo delle operazioni indicate all\u2019art. 4 n. 2 GDPR e precisamente: raccolta, registrazione, organizzazione, conservazione, consultazione, elaborazione, modificazione, selezione, estrazione, raffronto, utilizzo, interconnessione, blocco, comunicazione, cancellazione e distruzione dei dati.<br>I Suoi dati personali sono sottoposti a trattamento sia cartaceo che elettronico e\/o automatizzato.<br>Il Titolare tratter\u00e0 i dati personali per il tempo necessario per adempiere alle finalit\u00e0 di cui sopra e comunque per non oltre 10 anni dalla cessazione del rapporto instaurato in relazione alle finalit\u00e0 di Servizio.<\/p>\n\n\n\n<div style=\"height:30px\" aria-hidden=\"true\" class=\"wp-block-spacer\"><\/div>\n\n\n\n<h4 class=\"wp-block-heading\">4. ACCESSO AI DATI<\/h4>\n\n\n\n<p>I Suoi dati potranno essere resi accessibili per le finalit\u00e0 di cui al punto 2 della presente informativa:<\/p>\n\n\n\n<ul class=\"wp-block-list\">\n<li>a dipendenti e collaboratori del Titolare o delle societ\u00e0 <strong>TEVAL S.r.l.<\/strong> e all\u2019estero, nella loro qualit\u00e0 di incaricati e\/o responsabili interni del trattamento e\/o amministratori di sistema;<\/li>\n\n\n\n<li>a societ\u00e0 terze o altri soggetti (a titolo indicativo, istituti di credito, societ\u00e0 di factoring, studi professionali, consulenti, societ\u00e0 di assicurazione per la prestazione di servizi assicurativi, etc.) che svolgono attivit\u00e0 in outsourcing o di prestazione di servizi di varia natura per conto del Titolare, nella loro qualit\u00e0 di responsabili esterni del trattamento.<\/li>\n<\/ul>\n\n\n\n<div style=\"height:30px\" aria-hidden=\"true\" class=\"wp-block-spacer\"><\/div>\n\n\n\n<h4 class=\"wp-block-heading\">5. COMUNICAZIONE DEI DATI<\/h4>\n\n\n\n<p>Senza la necessit\u00e0 di un espresso consenso (art. 6 lett. b), c) ed f) GDPR), il Titolare potr\u00e0 comunicare i Suoi dati per le finalit\u00e0 di cui all\u2019art. 2 a Organismi di vigilanza, Autorit\u00e0 giudiziarie, a societ\u00e0 di assicurazione per la prestazione di servizi assicurativi, nonch\u00e9 a quei soggetti ai quali la comunicazione sia obbligatoria per legge per l\u2019espletamento delle finalit\u00e0 dette. Detti soggetti tratteranno i dati nella loro qualit\u00e0 di autonomi titolari del trattamento.<br>I Suoi dati non saranno diffusi.<\/p>\n\n\n\n<div style=\"height:30px\" aria-hidden=\"true\" class=\"wp-block-spacer\"><\/div>\n\n\n\n<h4 class=\"wp-block-heading\">6. TRASFERIMENTO DATI<\/h4>\n\n\n\n<p>I dati personali sono conservati su server ubicati a <strong>MAGENTA (MI)<\/strong>, all\u2019interno dell\u2019Unione Europea. Resta in ogni caso inteso che il Titolare, ove si rendesse necessario, avr\u00e0 facolt\u00e0 di spostare i server anche extra-UE. In tal caso, il Titolare assicura sin d\u2019ora che il trasferimento dei dati extra-UE avverr\u00e0 in conformit\u00e0 alle disposizioni di legge applicabili, previa stipula delle clausole contrattuali standard previste dalla Commissione Europea.<\/p>\n\n\n\n<div style=\"height:30px\" aria-hidden=\"true\" class=\"wp-block-spacer\"><\/div>\n\n\n\n<h4 class=\"wp-block-heading\">7. NATURA DEL CONFERIMENTO DEI DATI E CONSEGUENZE DEL RIFIUTO DI RISPONDERE<\/h4>\n\n\n\n<p>Il conferimento dei dati per le finalit\u00e0 di cui al punto 2 \u00e8 obbligatorio. In loro assenza, non potremo garantirLe le prestazioni contrattuali del punto 2.<\/p>\n\n\n\n<div style=\"height:30px\" aria-hidden=\"true\" class=\"wp-block-spacer\"><\/div>\n\n\n\n<h4 class=\"wp-block-heading\">8. DIRITTI DELL\u2019INTERESSATO<\/h4>\n\n\n\n<p>Nella Sua qualit\u00e0 di interessato, ha i diritti di cui all\u2019art. 15 GDPR e precisamente i diritti di:<\/p>\n\n\n\n<p><strong>i.<\/strong> ottenere la conferma dell\u2019esistenza o meno di dati personali che La riguardano, anche se non ancora registrati, e la loro comunicazione in forma intelligibile;<\/p>\n\n\n\n<p><strong>ii. <\/strong>ottenere l\u2019indicazione: a) dell\u2019origine dei dati personali; b) delle finalit\u00e0 e modalit\u00e0 del trattamento; c) della logica applicata in caso di trattamento effettuato con l\u2019ausilio di strumenti elettronici; d) degli estremi identificativi del titolare e dei responsabili di cui art. 3, comma 1, GDPR; e) dei soggetti o delle categorie di soggetti ai quali i dati personali possono essere comunicati o che possono venirne a conoscenza in qualit\u00e0 di rappresentante designato nel territorio dello Stato, di responsabili o incaricati;<\/p>\n\n\n\n<p><strong>iii. <\/strong>ottenere: a) l\u2019aggiornamento, la rettificazione ovvero, quando vi ha interesse, l\u2019integrazione dei dati; b) la cancellazione, la trasformazione in forma anonima o il blocco dei dati trattati in violazione di legge, compresi quelli di cui non \u00e8 necessaria la conservazione in relazione agli scopi per i quali i dati sono stati raccolti o successivamente trattati; c) l\u2019attestazione che le operazioni di cui alle lettere a) e b) sono state portate a conoscenza, anche per quanto riguarda il loro contenuto, di coloro ai quali i dati sono stati comunicati o diffusi, eccettuato il caso in cui tale adempimento si rivela impossibile o comporta un impiego di mezzi manifestamente sproporzionato rispetto al diritto tutelato;<\/p>\n\n\n\n<p><strong>iv. <\/strong>opporsi, in tutto o in parte, per motivi legittimi, al trattamento dei dati personali che La riguardano, ancorch\u00e9 pertinenti allo scopo della raccolta.<\/p>\n\n\n\n<p>Ove applicabili, ha altres\u00ec i diritti di cui agli artt. 16-21 GDPR (Diritto di rettifica, diritto all\u2019oblio, diritto di limitazione di trattamento, diritto alla portabilit\u00e0 dei dati, diritto di opposizione), nonch\u00e9 il diritto di reclamo all\u2019Autorit\u00e0 Garante.<\/p>\n\n\n\n<p>Si precisa che l\u2019interessato ha il diritto di opporsi in qualsiasi momento, per motivi connessi alla sua situazione particolare, al trattamento dei dati personali che lo riguardano ai sensi dell\u2019articolo 6, paragrafo 1, lettere e) o f), del GDPR, compresa la profilazione sulla base di tali disposizioni.<\/p>\n\n\n\n<p><strong>I dati personali non sono trattati per finalit\u00e0 di marketing diretto.<\/strong> Qualora i dati personali siano trattati per finalit\u00e0 di marketing diretto, l\u2019interessato ha il diritto di opporsi in qualsiasi momento al trattamento dei dati personali che lo riguardano effettuato per tali finalit\u00e0, compresa la profilazione nella misura in cui sia connessa a tale marketing diretto.<\/p>\n\n\n\n<div style=\"height:30px\" aria-hidden=\"true\" class=\"wp-block-spacer\"><\/div>\n\n\n\n<h4 class=\"wp-block-heading\">9. MODALIT\u00c0 DI ESERCIZIO DEI DIRITTI<\/h4>\n\n\n\n<p>Potr\u00e0 in qualsiasi momento esercitare i diritti indicati nel paragrafo 8 inviando:<\/p>\n\n\n\n<ul class=\"wp-block-list\">\n<li>una raccomandata a.r. a TEVAL S.r.l. \u2013 Sede in Via Murri, 12 20013 Magenta (MI);<\/li>\n\n\n\n<li>una mail PEC all\u2019indirizzo <a href=\"mailto:teval@pec.it\" target=\"_blank\" rel=\"noreferrer noopener\">teval@pec.it<\/a>;<\/li>\n\n\n\n<li>\u00e8 possibile revocare il consenso ed esercitare i propri diritti anche inviando direttamente l\u2019apposito modulo scaricabile dal sito <a href=\"https:\/\/www.garanteprivacy.it\/\" target=\"_blank\" rel=\"noreferrer noopener\">www.garanteprivacy.it<\/a>.<\/li>\n<\/ul>\n\n\n\n<div style=\"height:30px\" aria-hidden=\"true\" class=\"wp-block-spacer\"><\/div>\n\n\n\n<h4 class=\"wp-block-heading\">10. TITOLARE, RESPONSABILE E INCARICATI<\/h4>\n\n\n\n<p>Il Titolare del trattamento \u00e8 TEVAL S.r.l. (C.F.\/P.IVA 10772840962), con sede in Via Murri, 12 \u2013 Magenta (MI) (CAP 20013) tel. +39 02 97213500; e-mail: <a href=\"mailto:info@teval.com\" target=\"_blank\" rel=\"noreferrer noopener\">info@teval.com<\/a>; pec: <a href=\"mailto:teval@pec.it\" target=\"_blank\" rel=\"noreferrer noopener\">teval@pec.it<\/a>.<br>Amministratore protempore tel. 02972131; e-mail: <a href=\"mailto:info@teval.com\" target=\"_blank\" rel=\"noreferrer noopener\">info@teval.com<\/a>; pec: <a href=\"mailto:teval@pec.it\" target=\"_blank\" rel=\"noreferrer noopener\">teval@pec.it<\/a>.<br>L\u2019elenco aggiornato dei responsabili e degli incaricati al trattamento \u00e8 custodito presso la sede legale del Titolare del trattamento.<\/p>\n\n\n\n<p>Magenta, 2 Agosto 2022<\/p>\n\n\n\n<div style=\"height:80px\" aria-hidden=\"true\" id=\"informativa-ai-fornitori\" class=\"wp-block-spacer\"><\/div>\n\n\n\n<h3 class=\"wp-block-heading\">Informativa ai fornitori<\/h3>\n\n\n\n<p><strong>TEVAL S.r.l.<\/strong>, con sede in <strong>Via Murri n.\u00b0 12, 20013 \u2013 Magenta (MI), CF e P.IVA 10772840962<\/strong> (in seguito, <strong>\u201cTitolare\u201c<\/strong>), in qualit\u00e0 di titolare del trattamento, La informa ai sensi dell\u2019art. 13 Regolamento UE n. 2016\/679 (in seguito, <strong>\u201cGDPR\u201c<\/strong>) che potr\u00e0 trattare, a seconda dei casi, i seguenti dati riferiti a lei e\/o al personale di riferimento (dipendenti o collaboratori) e\/o ai soci o amministratori della societ\u00e0 che rappresenta, ai quali \u00e8 tenuto a comunicare la presente informativa<\/p>\n\n\n\n<div style=\"height:30px\" aria-hidden=\"true\" class=\"wp-block-spacer\"><\/div>\n\n\n\n<h4 class=\"wp-block-heading\">1. BASE GIURIDICA E FONDAMENTO DEL TRATTAMENTO<\/h4>\n\n\n\n<p>Il trattamento \u00e8 necessario per la gestione di contratti con Lei in corso; a tali fini il Titolare \u00e8 in possesso di Suoi dati qualificati come dati personali ai sensi del GDPR (ad esempio, nome, cognome, ragione sociale, indirizzo, telefono, e-mail, riferimenti bancari e di pagamento \u2013 in seguito, <strong>\u201cdati personali\u201d<\/strong> o anche <strong>\u201cdati\u201c<\/strong>) da Lei comunicati in occasione della conclusione di contratti con il Titolare, anche in sede precontrattuale.<br>In conformit\u00e0 alle condizioni previste dall\u2019art. 6, par. 1, lett. b), c), d), e) GDPR, La informiamo che il conferimento dei Suoi Dati \u00e8 volto al perseguimento delle finalit\u00e0 di cui al punto 2) che segue.<\/p>\n\n\n\n<div style=\"height:30px\" aria-hidden=\"true\" class=\"wp-block-spacer\"><\/div>\n\n\n\n<h4 class=\"wp-block-heading\">2. FINALIT\u00c0 DEL TRATTAMENTO<\/h4>\n\n\n\n<p>I Suoi dati personali sono trattati anche senza il Suo consenso espresso (art. 6 lett. b), e), f) GDPR), per le seguenti Finalit\u00e0:<\/p>\n\n\n\n<ul class=\"wp-block-list\">\n<li>concludere i contratti per le prestazioni rese al Titolare finalizzate all\u2019erogazione di servizi o alla vendita di prodotti di cui viene incaricato il fornitore;<\/li>\n\n\n\n<li>adempiere agli obblighi precontrattuali, contrattuali e fiscali derivanti da rapporti con Lei in essere;<\/li>\n\n\n\n<li>adempiere agli obblighi previsti dalla legge, da un regolamento, dalla normativa comunitaria o da un ordine dell\u2019Autorit\u00e0 (come ad esempio in materia di antiriciclaggio);<\/li>\n\n\n\n<li>esercitare i diritti del Titolare, ad esempio il diritto di difesa in giudizio;<\/li>\n<\/ul>\n\n\n\n<div style=\"height:30px\" aria-hidden=\"true\" class=\"wp-block-spacer\"><\/div>\n\n\n\n<h4 class=\"wp-block-heading\">3. MODALIT\u00c0 DI TRATTAMENTO<\/h4>\n\n\n\n<p>Il trattamento dei Suoi dati personali \u00e8 realizzato per mezzo delle operazioni indicate all\u2019art. 4 n. 2 GDPR e precisamente: raccolta, registrazione, organizzazione, conservazione, consultazione, elaborazione, modificazione, selezione, estrazione, raffronto, utilizzo, interconnessione, blocco, comunicazione, cancellazione e distruzione dei dati.<br>I Suoi dati personali sono sottoposti a trattamento sia cartaceo che elettronico e\/o automatizzato.<br>Il Titolare tratter\u00e0 i dati personali per il tempo necessario per adempiere alle finalit\u00e0 di cui sopra e comunque per non oltre 10 anni dalla cessazione del rapporto instaurato in relazione alle finalit\u00e0 di servizio\\fornitura erogato dal fornitore.<\/p>\n\n\n\n<div style=\"height:30px\" aria-hidden=\"true\" class=\"wp-block-spacer\"><\/div>\n\n\n\n<h4 class=\"wp-block-heading\">4. ACCESSO AI DATI<\/h4>\n\n\n\n<p>I Suoi dati potranno essere resi accessibili per le finalit\u00e0 di cui al punto 2 della presente informativa:<\/p>\n\n\n\n<ul class=\"wp-block-list\">\n<li>a dipendenti e collaboratori del Titolare o delle societ\u00e0 <strong>TEVAL S.r.l<\/strong>. in Italia e all\u2019estero, nella loro qualit\u00e0 di incaricati e\/o responsabili interni o esterni del trattamento e\/o amministratori di sistema;<\/li>\n\n\n\n<li>a societ\u00e0 terze o altri soggetti (a titolo indicativo, istituti di credito, societ\u00e0 di factoring, studi professionali, consulenti, societ\u00e0 di assicurazione per la prestazione di servizi assicurativi, etc.) che svolgono attivit\u00e0 in outsourcing o di prestazione di servizi di varia natura per conto del Titolare, nella loro qualit\u00e0 di responsabili esterni del trattamento.<\/li>\n<\/ul>\n\n\n\n<div style=\"height:30px\" aria-hidden=\"true\" class=\"wp-block-spacer\"><\/div>\n\n\n\n<h4 class=\"wp-block-heading\">5. COMUNICAZIONE DEI DATI<\/h4>\n\n\n\n<p>Senza la necessit\u00e0 di un espresso consenso (art. 6 lett. b), c) ed f) GDPR), il Titolare potr\u00e0 comunicare i Suoi dati per le finalit\u00e0 di cui all\u2019art. 2 a Organismi di vigilanza, Autorit\u00e0 giudiziarie, a societ\u00e0 di assicurazione per la prestazione di servizi assicurativi, nonch\u00e9 a quei soggetti ai quali la comunicazione sia obbligatoria per legge per l\u2019espletamento delle finalit\u00e0 dette. Detti soggetti tratteranno i dati nella loro qualit\u00e0 di autonomi titolari del trattamento.<br>I Suoi dati non saranno diffusi.<\/p>\n\n\n\n<div style=\"height:30px\" aria-hidden=\"true\" class=\"wp-block-spacer\"><\/div>\n\n\n\n<h4 class=\"wp-block-heading\">6. TRASFERIMENTO DATI<\/h4>\n\n\n\n<p>I dati personali sono conservati su server ubicati presso lo stabilimento di <strong>MAGENTA (MI)<\/strong> all\u2019interno dell\u2019Unione Europea. Resta in ogni caso inteso che il Titolare, ove si rendesse necessario, avr\u00e0 facolt\u00e0 di spostare i server anche extra-UE. In tal caso, il Titolare assicura sin d\u2019ora che il trasferimento dei dati extra-UE avverr\u00e0 in conformit\u00e0 alle disposizioni di legge applicabili, previa stipula delle clausole contrattuali standard previste dalla Commissione Europea.<\/p>\n\n\n\n<div style=\"height:30px\" aria-hidden=\"true\" class=\"wp-block-spacer\"><\/div>\n\n\n\n<h4 class=\"wp-block-heading\">7. NATURA DEL CONFERIMENTO DEI DATI E CONSEGUENZE DEL RIFIUTO DI RISPONDERE<\/h4>\n\n\n\n<p>Il conferimento dei dati per le finalit\u00e0 di cui al punto 2 \u00e8 obbligatorio. In loro assenza, non potremo garantirLe le prestazioni contrattuali del punto 2.<\/p>\n\n\n\n<div style=\"height:30px\" aria-hidden=\"true\" class=\"wp-block-spacer\"><\/div>\n\n\n\n<h4 class=\"wp-block-heading\">8. DIRITTI DELL\u2019INTERESSATO<\/h4>\n\n\n\n<p>Nella Sua qualit\u00e0 di interessato, ha i diritti di cui all\u2019art. 15 GDPR e precisamente i diritti di:<\/p>\n\n\n\n<p><strong>i.<\/strong> ottenere la conferma dell\u2019esistenza o meno di dati personali che La riguardano, anche se non ancora registrati, e la loro comunicazione in forma intelligibile;<\/p>\n\n\n\n<p><strong>ii. <\/strong>ottenere l\u2019indicazione: a) dell\u2019origine dei dati personali; b) delle finalit\u00e0 e modalit\u00e0 del trattamento; c) della logica applicata in caso di trattamento effettuato con l\u2019ausilio di strumenti elettronici; d) degli estremi identificativi del titolare e dei responsabili di cui art. 3, comma 1, GDPR; e) dei soggetti o delle categorie di soggetti ai quali i dati personali possono essere comunicati o che possono venirne a conoscenza in qualit\u00e0 di rappresentante designato nel territorio dello Stato, di responsabili o incaricati;<\/p>\n\n\n\n<p><strong>iii. <\/strong>ottenere: a) l\u2019aggiornamento, la rettificazione ovvero, quando vi ha interesse, l\u2019integrazione dei dati; b) la cancellazione, la trasformazione in forma anonima o il blocco dei dati trattati in violazione di legge, compresi quelli di cui non \u00e8 necessaria la conservazione in relazione agli scopi per i quali i dati sono stati raccolti o successivamente trattati; c) l\u2019attestazione che le operazioni di cui alle lettere a) e b) sono state portate a conoscenza, anche per quanto riguarda il loro contenuto, di coloro ai quali i dati sono stati comunicati o diffusi, eccettuato il caso in cui tale adempimento si rivela impossibile o comporta un impiego di mezzi manifestamente sproporzionato rispetto al diritto tutelato;<\/p>\n\n\n\n<p><strong>iv.<\/strong> opporsi, in tutto o in parte, per motivi legittimi al trattamento dei dati personali che La riguardano, ancorch\u00e9 pertinenti allo scopo della raccolta.<\/p>\n\n\n\n<p>Ove applicabili, ha altres\u00ec i diritti di cui agli artt. 16-21 GDPR (Diritto di rettifica, diritto all\u2019oblio, diritto di limitazione di trattamento, diritto alla portabilit\u00e0 dei dati, diritto di opposizione), nonch\u00e9 il diritto di reclamo all\u2019Autorit\u00e0 Garante.<\/p>\n\n\n\n<p>Si precisa che l\u2019interessato ha il diritto di opporsi in qualsiasi momento, per motivi connessi alla sua situazione particolare, al trattamento dei dati personali che lo riguardano ai sensi dell\u2019articolo 6, paragrafo 1, lettere e) o f), del GDPR, compresa la profilazione sulla base di tali disposizioni.<\/p>\n\n\n\n<p><strong>I dati personali non sono trattati per finalit\u00e0 di marketing diretto.<\/strong> Qualora i dati personali siano trattati per finalit\u00e0 di marketing diretto, l\u2019interessato ha il diritto di opporsi in qualsiasi momento al trattamento dei dati personali che lo riguardano effettuato per tali finalit\u00e0, compresa la profilazione nella misura in cui sia connessa a tale marketing diretto.<\/p>\n\n\n\n<div style=\"height:30px\" aria-hidden=\"true\" class=\"wp-block-spacer\"><\/div>\n\n\n\n<h4 class=\"wp-block-heading\">9. MODALIT\u00c0 DI ESERCIZIO DEI DIRITTI<\/h4>\n\n\n\n<p>Potr\u00e0 in qualsiasi momento esercitare i diritti indicati nel paragrafo 8 inviando:<\/p>\n\n\n\n<ul class=\"wp-block-list\">\n<li>una raccomandata a.r. a <strong>TEVAL S.r.l.<\/strong> &#8211; Sede in <strong>Via Murri n.\u00b0 12 &#8211; 20013 Magenta (MI)<\/strong>;<\/li>\n\n\n\n<li>una e-mail PEC all\u2019indirizzo <a href=\"mailto:teval@pec.it\" target=\"_blank\" rel=\"noreferrer noopener\">teval@pec.it<\/a>;<\/li>\n\n\n\n<li>\u00c8 possibile revocare il consenso ed esercitare i propri diritti anche inviando direttamente l\u2019apposito modulo scaricabile dal sito <a href=\"https:\/\/www.garanteprivacy.it\/\" target=\"_blank\" rel=\"noreferrer noopener\">www.garanteprivacy.it<\/a>.<\/li>\n<\/ul>\n\n\n\n<div style=\"height:30px\" aria-hidden=\"true\" class=\"wp-block-spacer\"><\/div>\n\n\n\n<h4 class=\"wp-block-heading\">10. TITOLARE, RESPONSABILE E INCARICATI<\/h4>\n\n\n\n<p>Il Titolare del trattamento \u00e8 <strong>TEVAL S.r.l.<\/strong> (C.F.\/P.IVA 10772840962), con sede in Via Murri n\u00b0 12 \u2013 20013 Magenta (MI) ; tel. +39 02 97213500; e-mail PEC: <a href=\"mailto:teval@pec.it\" target=\"_blank\" rel=\"noreferrer noopener\">teval@pec.it<\/a><br>Amministratore protempore tel. 02972131; e- mail PEC: <a href=\"mailto:teval@pec.it\" target=\"_blank\" rel=\"noreferrer noopener\">teval@pec.it<\/a><br>L\u2019elenco aggiornato dei responsabili e degli incaricati al trattamento \u00e8 custodito presso la sede legale del Titolare del trattamento.<\/p>\n\n\n\n<p>Magenta, 2 Agosto 2022<\/p>\n\n\n\n<div style=\"height:80px\" aria-hidden=\"true\" class=\"wp-block-spacer\"><\/div>\n","protected":false},"excerpt":{"rendered":"<p>Informativa ai sensi dell\u2019art. 13 Reg. (UE) 2016\/679 sulla protezione dei dati personali (GDPR) e sull\u2019utilizzo dei cookie nel sito web. INFORMATIVA AI CLIENTI INFORMATIVA AI FORNITORI Informativa ai clienti TEVAL S.r.l., con sede in VIA MURRI 12, 20013 MAGENTA, (MI), CF e P.IVA 10772840962 (in seguito, \u201cTitolare\u201c), in qualit\u00e0 di titolare del trattamento, La&hellip;&nbsp;<a href=\"https:\/\/www.teval.com\/it_it\/privacy-policy\/\" rel=\"bookmark\">Read More &raquo;<span class=\"screen-reader-text\">Privacy Policy<\/span><\/a><\/p>\n","protected":false},"author":1,"featured_media":0,"parent":0,"menu_order":0,"comment_status":"closed","ping_status":"closed","template":"","meta":{"neve_meta_sidebar":"","neve_meta_container":"","neve_meta_enable_content_width":"","neve_meta_content_width":0,"neve_meta_title_alignment":"","neve_meta_author_avatar":"","neve_post_elements_order":"","neve_meta_disable_header":"","neve_meta_disable_footer":"","neve_meta_disable_title":"on","neve_meta_reading_time":"","_themeisle_gutenberg_block_has_review":false,"footnotes":""},"class_list":["post-88","page","type-page","status-publish","hentry"],"_links":{"self":[{"href":"https:\/\/www.teval.com\/it_it\/wp-json\/wp\/v2\/pages\/88","targetHints":{"allow":["GET"]}}],"collection":[{"href":"https:\/\/www.teval.com\/it_it\/wp-json\/wp\/v2\/pages"}],"about":[{"href":"https:\/\/www.teval.com\/it_it\/wp-json\/wp\/v2\/types\/page"}],"author":[{"embeddable":true,"href":"https:\/\/www.teval.com\/it_it\/wp-json\/wp\/v2\/users\/1"}],"replies":[{"embeddable":true,"href":"https:\/\/www.teval.com\/it_it\/wp-json\/wp\/v2\/comments?post=88"}],"version-history":[{"count":68,"href":"https:\/\/www.teval.com\/it_it\/wp-json\/wp\/v2\/pages\/88\/revisions"}],"predecessor-version":[{"id":398,"href":"https:\/\/www.teval.com\/it_it\/wp-json\/wp\/v2\/pages\/88\/revisions\/398"}],"wp:attachment":[{"href":"https:\/\/www.teval.com\/it_it\/wp-json\/wp\/v2\/media?parent=88"}],"curies":[{"name":"wp","href":"https:\/\/api.w.org\/{rel}","templated":true}]}}