{"id":505,"date":"2024-09-16T15:56:53","date_gmt":"2024-09-16T13:56:53","guid":{"rendered":"http:\/\/staging.teval.com\/?page_id=505"},"modified":"2024-09-18T15:47:46","modified_gmt":"2024-09-18T13:47:46","slug":"qualita-e-personale","status":"publish","type":"page","link":"https:\/\/www.teval.com\/it_it\/qualita-e-personale\/","title":{"rendered":"Qualit\u00e0 e personale"},"content":{"rendered":"\n<div id=\"wp-block-themeisle-blocks-advanced-columns-b491ec62\" class=\"wp-block-themeisle-blocks-advanced-columns alignfull has-1-columns has-desktop-equal-layout has-tablet-equal-layout has-mobile-equal-layout has-vertical-top\"><div class=\"wp-block-themeisle-blocks-advanced-columns-overlay\"><\/div><div class=\"innerblocks-wrap\">\n<div id=\"wp-block-themeisle-blocks-advanced-column-78762cf8\" class=\"wp-block-themeisle-blocks-advanced-column\">\n<h1 class=\"wp-block-heading has-text-align-center has-nv-text-dark-bg-color has-text-color has-link-color wp-elements-7b693fedfa296f1762b34f2214efe746\">Qualit\u00e0 e personale<\/h1>\n<\/div>\n<\/div><div class=\"wp-block-themeisle-blocks-advanced-columns-separators bottom\"><svg id=\"bigTriangle\" fill=\"var(--nv-site-bg)\" viewBox=\"0 0 100 100\" width=\"100%\" height=\"100\" preserveAspectRatio=\"none\" xmlns=\"http:\/\/www.w3.org\/2000\/svg\" class=\"rotate\"><path d=\"M0 0 L50 100 L100 0 Z\"><\/path><\/svg><\/div><\/div>\n\n\n\n<div style=\"height:30px\" aria-hidden=\"true\" class=\"wp-block-spacer\"><\/div>\n\n\n\n<h1 class=\"wp-block-heading has-text-align-center bilanciamento\">La nostra attenzione \u00e8 rivolta alla QUALIT\u00c0<\/h1>\n\n\n\n<div style=\"height:20px\" aria-hidden=\"true\" class=\"wp-block-spacer\"><\/div>\n\n\n\n<div class=\"wp-block-columns container1024 is-layout-flex wp-container-core-columns-is-layout-9d6595d7 wp-block-columns-is-layout-flex\">\n<div class=\"wp-block-column is-layout-flow wp-block-column-is-layout-flow\">\n<p class=\"has-text-align-center\">TEVAL \u00e8 certificata con Sistema Qualit\u00e0 UNI EN ISO 9001:2015 e vanta sui suoi prodotti il marchio CE secondo la direttiva PED, la certificazione FIRE SAFE, nonch\u00e9 il certificato ATEX sulla protezione dalle esplosioni. Il suo Sistema Qualit\u00e0 coinvolge l\u2019intero processo produttivo, dalla progettazione al collaudo di ogni singola valvola.<br>Personale formato e qualificato effettua con particolari macchine di misura test per controllare tolleranze e quote. Visualizzatori digitali controllano e garantiscono la levigatezza e uniformit\u00e0 delle superfici. Infine le prove di tenuta finali assicurano la perfetta qualit\u00e0 del prodotto appena realizzato.<\/p>\n\n\n\n<div style=\"height:20px\" aria-hidden=\"true\" class=\"wp-block-spacer\"><\/div>\n\n\n\n<div class=\"wp-block-columns is-layout-flex wp-container-core-columns-is-layout-9d6595d7 wp-block-columns-is-layout-flex\">\n<div class=\"wp-block-column is-layout-flow wp-block-column-is-layout-flow\"><div class=\"wp-block-image\">\n<figure class=\"aligncenter size-full\"><img loading=\"lazy\" decoding=\"async\" width=\"136\" height=\"136\" src=\"https:\/\/www.teval.com\/wp-content\/uploads\/2024\/09\/teval-certification01.jpg\" alt=\"\" class=\"wp-image-224\"\/><\/figure>\n<\/div><\/div>\n\n\n\n<div class=\"wp-block-column is-layout-flow wp-block-column-is-layout-flow\"><div class=\"wp-block-image\">\n<figure class=\"aligncenter size-full\"><img loading=\"lazy\" decoding=\"async\" width=\"136\" height=\"136\" src=\"https:\/\/www.teval.com\/wp-content\/uploads\/2024\/09\/teval-certification02.jpg\" alt=\"\" class=\"wp-image-225\"\/><\/figure>\n<\/div><\/div>\n\n\n\n<div class=\"wp-block-column is-layout-flow wp-block-column-is-layout-flow\"><div class=\"wp-block-image\">\n<figure class=\"aligncenter size-full\"><img loading=\"lazy\" decoding=\"async\" width=\"136\" height=\"136\" src=\"https:\/\/www.teval.com\/wp-content\/uploads\/2024\/09\/teval-certification03.jpg\" alt=\"\" class=\"wp-image-226\"\/><\/figure>\n<\/div><\/div>\n\n\n\n<div class=\"wp-block-column is-layout-flow wp-block-column-is-layout-flow\"><div class=\"wp-block-image\">\n<figure class=\"aligncenter size-full\"><img loading=\"lazy\" decoding=\"async\" width=\"136\" height=\"136\" src=\"https:\/\/www.teval.com\/wp-content\/uploads\/2024\/09\/teval-certification04.jpg\" alt=\"\" class=\"wp-image-227\"\/><\/figure>\n<\/div><\/div>\n<\/div>\n\n\n\n<div style=\"height:30px\" aria-hidden=\"true\" class=\"wp-block-spacer\"><\/div>\n<\/div>\n<\/div>\n\n\n\n<div class=\"wp-block-cover alignfull\"><span aria-hidden=\"true\" class=\"wp-block-cover__background has-nv-c-1-background-color has-background-dim-100 has-background-dim\"><\/span><div class=\"wp-block-cover__inner-container is-layout-constrained wp-block-cover-is-layout-constrained\">\n<div class=\"wp-block-columns container1024 is-layout-flex wp-container-core-columns-is-layout-9d6595d7 wp-block-columns-is-layout-flex\">\n<div class=\"wp-block-column is-layout-flow wp-block-column-is-layout-flow\">\n<div style=\"height:80px\" aria-hidden=\"true\" class=\"wp-block-spacer\"><\/div>\n\n\n\n<h2 class=\"wp-block-heading has-text-align-center has-nv-dark-bg-color has-text-color has-link-color wp-elements-f0c892351a1d7bce80caf5d853882250\">Lavoriamo solo con <span class=\"boldino\">PERSONALE<\/span> altamente FORMATO<\/h2>\n\n\n\n<p class=\"has-text-align-center lead has-neve-text-color-color has-text-color has-link-color wp-elements-daf24d539178d9c134c903de7907eb71\">TEVAL tiene molto alla formazione del suo personale, per <strong>migliorare continuamente le competenze di tutti i suoi dipendenti e collaboratori<\/strong> nonch\u00e9 per produrre valvole sempre pi\u00f9 sofisticate e al passo con gli sviluppi tecnologici. La formazione coinvolge tutte le figure aziendali e avviene in collaborazione con centri ad hoc di formazione, attraverso lezioni tradizionali in stabilimento oppure di tipo <strong>e-learning secondo le pi\u00f9 moderne metodologie di insegnamento<\/strong>.<\/p>\n\n\n<div class=\"wp-block-image\">\n<figure class=\"aligncenter size-full\"><img loading=\"lazy\" decoding=\"async\" width=\"900\" height=\"650\" src=\"https:\/\/www.teval.com\/wp-content\/uploads\/2024\/09\/teval-qualita-e-personale-teval.jpg\" alt=\"\" class=\"wp-image-803\" srcset=\"https:\/\/www.teval.com\/wp-content\/uploads\/2024\/09\/teval-qualita-e-personale-teval.jpg 900w, https:\/\/www.teval.com\/wp-content\/uploads\/2024\/09\/teval-qualita-e-personale-teval-300x217.jpg 300w, https:\/\/www.teval.com\/wp-content\/uploads\/2024\/09\/teval-qualita-e-personale-teval-768x555.jpg 768w\" sizes=\"auto, (max-width: 900px) 100vw, 900px\" \/><\/figure>\n<\/div>\n\n\n<div style=\"height:80px\" aria-hidden=\"true\" class=\"wp-block-spacer\"><\/div>\n<\/div>\n<\/div>\n<\/div><\/div>\n\n\n\n<div style=\"height:80px\" aria-hidden=\"true\" class=\"wp-block-spacer\"><\/div>\n\n\n<div class=\"wp-block-image\">\n<figure class=\"aligncenter size-full\"><img loading=\"lazy\" decoding=\"async\" width=\"900\" height=\"651\" src=\"https:\/\/www.teval.com\/wp-content\/uploads\/2024\/09\/teval-punti-di-forza.jpg\" alt=\"\" class=\"wp-image-805\" srcset=\"https:\/\/www.teval.com\/wp-content\/uploads\/2024\/09\/teval-punti-di-forza.jpg 900w, https:\/\/www.teval.com\/wp-content\/uploads\/2024\/09\/teval-punti-di-forza-300x217.jpg 300w, https:\/\/www.teval.com\/wp-content\/uploads\/2024\/09\/teval-punti-di-forza-768x556.jpg 768w\" sizes=\"auto, (max-width: 900px) 100vw, 900px\" \/><\/figure>\n<\/div>\n\n\n<div style=\"height:30px\" aria-hidden=\"true\" class=\"wp-block-spacer\"><\/div>\n\n\n\n<h2 class=\"wp-block-heading has-text-align-center bilanciamento\">Punti di <span class=\"boldino\">FORZA<\/span><\/h2>\n\n\n\n<p class=\"has-text-align-center lead has-neve-text-color-color has-text-color has-link-color wp-elements-15eb9c9e13fe2839e64a0545daf37eff\">Teval si distingue sul mercato per i suoi punti di forza<\/p>\n\n\n\n<div style=\"height:30px\" aria-hidden=\"true\" class=\"wp-block-spacer\"><\/div>\n\n\n\n<div class=\"wp-block-columns container1024 is-layout-flex wp-container-core-columns-is-layout-9d6595d7 wp-block-columns-is-layout-flex\">\n<div class=\"wp-block-column is-layout-flow wp-block-column-is-layout-flow\"><div class=\"wp-block-image\">\n<figure class=\"alignleft size-full is-resized\"><img loading=\"lazy\" decoding=\"async\" width=\"142\" height=\"142\" src=\"https:\/\/www.teval.com\/wp-content\/uploads\/2024\/09\/teval-simbolo1.png\" alt=\"\" class=\"wp-image-816\" style=\"object-fit:cover;width:99px;height:99px\"\/><\/figure>\n<\/div>\n\n\n<div style=\"height:30px\" aria-hidden=\"true\" class=\"wp-block-spacer\"><\/div>\n\n\n\n<h4 class=\"wp-block-heading has-text-align-left\">ALTA QUALIT\u00c0 DELLE VALVOLE<\/h4>\n\n\n\n<p>progettate nei dettagli, prodotte con macchinari all\u2019avanguardia e sottoposte a rigorosi iter di controlli e collaudi.<\/p>\n\n\n\n<div style=\"height:30px\" aria-hidden=\"true\" class=\"wp-block-spacer\"><\/div>\n<\/div>\n\n\n\n<div class=\"wp-block-column is-layout-flow wp-block-column-is-layout-flow\"><div class=\"wp-block-image\">\n<figure class=\"alignleft size-full is-resized\"><img loading=\"lazy\" decoding=\"async\" width=\"142\" height=\"142\" src=\"https:\/\/www.teval.com\/wp-content\/uploads\/2024\/09\/teval-simbolo2.png\" alt=\"\" class=\"wp-image-824\" style=\"object-fit:cover;width:99px;height:99px\"\/><\/figure>\n<\/div>\n\n\n<div style=\"height:30px\" aria-hidden=\"true\" class=\"wp-block-spacer\"><\/div>\n\n\n\n<h4 class=\"wp-block-heading has-text-align-left\">ALTA QUALIT\u00c0 DEI MATERIALI UTILIZZATI<\/h4>\n\n\n\n<p>rifornendosi da aziende accuratamente selezionate e periodicamente verificate.<\/p>\n\n\n\n<div style=\"height:30px\" aria-hidden=\"true\" class=\"wp-block-spacer\"><\/div>\n<\/div>\n\n\n\n<div class=\"wp-block-column is-layout-flow wp-block-column-is-layout-flow\"><div class=\"wp-block-image\">\n<figure class=\"alignleft size-full is-resized\"><img loading=\"lazy\" decoding=\"async\" width=\"142\" height=\"142\" src=\"https:\/\/www.teval.com\/wp-content\/uploads\/2024\/09\/teval-simbolo3.png\" alt=\"\" class=\"wp-image-827\" style=\"object-fit:cover;width:99px;height:99px\"\/><\/figure>\n<\/div>\n\n\n<div style=\"height:30px\" aria-hidden=\"true\" class=\"wp-block-spacer\"><\/div>\n\n\n\n<h4 class=\"wp-block-heading has-text-align-left\">PUNTUALIT\u00c0 NELLE CONSEGNE<\/h4>\n\n\n\n<p>grazie ad una precisa gestione del servizio trasporto e logistica e ad una storica collaborazione con le pi\u00f9 affidabili societ\u00e0 di trasporti di tutto il mondo.<\/p>\n\n\n\n<div style=\"height:30px\" aria-hidden=\"true\" class=\"wp-block-spacer\"><\/div>\n<\/div>\n\n\n\n<div class=\"wp-block-column is-layout-flow wp-block-column-is-layout-flow\"><div class=\"wp-block-image\">\n<figure class=\"alignleft size-full is-resized\"><img loading=\"lazy\" decoding=\"async\" width=\"142\" height=\"142\" src=\"https:\/\/www.teval.com\/wp-content\/uploads\/2024\/09\/teval-simbolo4.png\" alt=\"\" class=\"wp-image-830\" style=\"object-fit:cover;width:99px;height:99px\"\/><\/figure>\n<\/div>\n\n\n<div style=\"height:30px\" aria-hidden=\"true\" class=\"wp-block-spacer\"><\/div>\n\n\n\n<h4 class=\"wp-block-heading has-text-align-left\">ASSISTENZA POST-VENDITA<\/h4>\n\n\n\n<p>con un servizio dedicato ad assistere i suoi Clienti per qualsiasi eventuale necessit\u00e0 successiva alla vendita.<\/p>\n\n\n\n<div style=\"height:30px\" aria-hidden=\"true\" class=\"wp-block-spacer\"><\/div>\n<\/div>\n<\/div>\n\n\n\n<div style=\"height:50px\" aria-hidden=\"true\" class=\"wp-block-spacer\"><\/div>\n","protected":false},"excerpt":{"rendered":"<p>La nostra attenzione \u00e8 rivolta alla QUALIT\u00c0 TEVAL \u00e8 certificata con Sistema Qualit\u00e0 UNI EN ISO 9001:2015 e vanta sui suoi prodotti il marchio CE secondo la direttiva PED, la certificazione FIRE SAFE, nonch\u00e9 il certificato ATEX sulla protezione dalle esplosioni. Il suo Sistema Qualit\u00e0 coinvolge l\u2019intero processo produttivo, dalla progettazione al collaudo di ogni&hellip;&nbsp;<a href=\"https:\/\/www.teval.com\/it_it\/qualita-e-personale\/\" rel=\"bookmark\">Read More &raquo;<span class=\"screen-reader-text\">Qualit\u00e0 e personale<\/span><\/a><\/p>\n","protected":false},"author":1,"featured_media":0,"parent":0,"menu_order":0,"comment_status":"closed","ping_status":"closed","template":"","meta":{"neve_meta_sidebar":"","neve_meta_container":"","neve_meta_enable_content_width":"","neve_meta_content_width":0,"neve_meta_title_alignment":"","neve_meta_author_avatar":"","neve_post_elements_order":"","neve_meta_disable_header":"","neve_meta_disable_footer":"","neve_meta_disable_title":"on","neve_meta_reading_time":"","_themeisle_gutenberg_block_has_review":false,"footnotes":""},"class_list":["post-505","page","type-page","status-publish","hentry"],"_links":{"self":[{"href":"https:\/\/www.teval.com\/it_it\/wp-json\/wp\/v2\/pages\/505","targetHints":{"allow":["GET"]}}],"collection":[{"href":"https:\/\/www.teval.com\/it_it\/wp-json\/wp\/v2\/pages"}],"about":[{"href":"https:\/\/www.teval.com\/it_it\/wp-json\/wp\/v2\/types\/page"}],"author":[{"embeddable":true,"href":"https:\/\/www.teval.com\/it_it\/wp-json\/wp\/v2\/users\/1"}],"replies":[{"embeddable":true,"href":"https:\/\/www.teval.com\/it_it\/wp-json\/wp\/v2\/comments?post=505"}],"version-history":[{"count":35,"href":"https:\/\/www.teval.com\/it_it\/wp-json\/wp\/v2\/pages\/505\/revisions"}],"predecessor-version":[{"id":835,"href":"https:\/\/www.teval.com\/it_it\/wp-json\/wp\/v2\/pages\/505\/revisions\/835"}],"wp:attachment":[{"href":"https:\/\/www.teval.com\/it_it\/wp-json\/wp\/v2\/media?parent=505"}],"curies":[{"name":"wp","href":"https:\/\/api.w.org\/{rel}","templated":true}]}}