{"id":505,"date":"2024-09-16T15:56:53","date_gmt":"2024-09-16T13:56:53","guid":{"rendered":"http:\/\/staging.teval.com\/?page_id=505"},"modified":"2024-09-18T15:47:46","modified_gmt":"2024-09-18T13:47:46","slug":"qualita-e-personale","status":"publish","type":"page","link":"https:\/\/www.teval.com\/en\/qualita-e-personale\/","title":{"rendered":"Quality and personnel"},"content":{"rendered":"<div id=\"wp-block-themeisle-blocks-advanced-columns-b491ec62\" class=\"wp-block-themeisle-blocks-advanced-columns alignfull has-1-columns has-desktop-equal-layout has-tablet-equal-layout has-mobile-equal-layout has-vertical-top\"><div class=\"wp-block-themeisle-blocks-advanced-columns-overlay\"><\/div><div class=\"innerblocks-wrap\">\n<div id=\"wp-block-themeisle-blocks-advanced-column-78762cf8\" class=\"wp-block-themeisle-blocks-advanced-column\">\n<h1 class=\"wp-block-heading has-text-align-center has-nv-text-dark-bg-color has-text-color has-link-color wp-elements-7b693fedfa296f1762b34f2214efe746\">Quality and personnel<\/h1>\n<\/div>\n<\/div><div class=\"wp-block-themeisle-blocks-advanced-columns-separators bottom\"><svg id=\"bigTriangle\" fill=\"var(--nv-site-bg)\" viewbox=\"0 0 100 100\" width=\"100%\" height=\"100\" preserveaspectratio=\"none\" xmlns=\"http:\/\/www.w3.org\/2000\/svg\" class=\"rotate\"><path d=\"M0 0 L50 100 L100 0 Z\"><\/path><\/svg><\/div><\/div>\n\n\n\n<div style=\"height:30px\" aria-hidden=\"true\" class=\"wp-block-spacer\"><\/div>\n\n\n\n<h1 class=\"wp-block-heading has-text-align-center bilanciamento\">Attention given to QUALITY<\/h1>\n\n\n\n<div style=\"height:20px\" aria-hidden=\"true\" class=\"wp-block-spacer\"><\/div>\n\n\n\n<div class=\"wp-block-columns container1024 is-layout-flex wp-container-core-columns-is-layout-9d6595d7 wp-block-columns-is-layout-flex\">\n<div class=\"wp-block-column is-layout-flow wp-block-column-is-layout-flow\">\n<p class=\"has-text-align-center\">TEVAL TEVAL is a company certified with Quality System UNI EN ISO 9001: 2015; its products are marked CE according to the PED directive, the FIRE SAFE certification, as well as the ATEX certificate about the explosion protection. Its Quality System involves the whole production process, from design to testing of each single valve.<br>Trained and qualified personnel carry out tolerances and quotas tests by special measuring machines. Digital displays control and guarantee the smoothness and uniformity of surfaces. Finally the final tightness tests ensure the perfect quality of the product just made.<\/p>\n\n\n\n<div style=\"height:20px\" aria-hidden=\"true\" class=\"wp-block-spacer\"><\/div>\n\n\n\n<div class=\"wp-block-columns is-layout-flex wp-container-core-columns-is-layout-9d6595d7 wp-block-columns-is-layout-flex\">\n<div class=\"wp-block-column is-layout-flow wp-block-column-is-layout-flow\"><div class=\"wp-block-image\">\n<figure class=\"aligncenter size-full\"><img loading=\"lazy\" decoding=\"async\" width=\"136\" height=\"136\" src=\"https:\/\/www.teval.com\/wp-content\/uploads\/2024\/09\/teval-certification01.jpg\" alt=\"\" class=\"wp-image-224\"\/><\/figure>\n<\/div><\/div>\n\n\n\n<div class=\"wp-block-column is-layout-flow wp-block-column-is-layout-flow\"><div class=\"wp-block-image\">\n<figure class=\"aligncenter size-full\"><img loading=\"lazy\" decoding=\"async\" width=\"136\" height=\"136\" src=\"https:\/\/www.teval.com\/wp-content\/uploads\/2024\/09\/teval-certification02.jpg\" alt=\"\" class=\"wp-image-225\"\/><\/figure>\n<\/div><\/div>\n\n\n\n<div class=\"wp-block-column is-layout-flow wp-block-column-is-layout-flow\"><div class=\"wp-block-image\">\n<figure class=\"aligncenter size-full\"><img loading=\"lazy\" decoding=\"async\" width=\"136\" height=\"136\" src=\"https:\/\/www.teval.com\/wp-content\/uploads\/2024\/09\/teval-certification03.jpg\" alt=\"\" class=\"wp-image-226\"\/><\/figure>\n<\/div><\/div>\n\n\n\n<div class=\"wp-block-column is-layout-flow wp-block-column-is-layout-flow\"><div class=\"wp-block-image\">\n<figure class=\"aligncenter size-full\"><img loading=\"lazy\" decoding=\"async\" width=\"136\" height=\"136\" src=\"https:\/\/www.teval.com\/wp-content\/uploads\/2024\/09\/teval-certification04.jpg\" alt=\"\" class=\"wp-image-227\"\/><\/figure>\n<\/div><\/div>\n<\/div>\n\n\n\n<div style=\"height:30px\" aria-hidden=\"true\" class=\"wp-block-spacer\"><\/div>\n<\/div>\n<\/div>\n\n\n\n<div class=\"wp-block-cover alignfull\"><span aria-hidden=\"true\" class=\"wp-block-cover__background has-nv-c-1-background-color has-background-dim-100 has-background-dim\"><\/span><div class=\"wp-block-cover__inner-container is-layout-constrained wp-block-cover-is-layout-constrained\">\n<div class=\"wp-block-columns container1024 is-layout-flex wp-container-core-columns-is-layout-9d6595d7 wp-block-columns-is-layout-flex\">\n<div class=\"wp-block-column is-layout-flow wp-block-column-is-layout-flow\">\n<div style=\"height:80px\" aria-hidden=\"true\" class=\"wp-block-spacer\"><\/div>\n\n\n\n<h2 class=\"wp-block-heading has-text-align-center has-nv-dark-bg-color has-text-color has-link-color wp-elements-f0c892351a1d7bce80caf5d853882250 translation-block\">We work only with <span class=\"boldino\">HIGHLY TRAINED STAFF<\/span><\/h2>\n\n\n\n<p class=\"has-text-align-center lead has-neve-text-color-color has-text-color has-link-color wp-elements-daf24d539178d9c134c903de7907eb71 translation-block\">TEVAL cares a lot about the training of its staff, <strong>to continuously improve the skills of all its employees and collaborators<\/strong> as well as to produce ever more sophisticated valves in accordance with technological training centers, through traditional lessons at the seat or<strong>e-learning ones according to the most modern teaching methods<\/strong>.<\/p>\n\n\n<div class=\"wp-block-image\">\n<figure class=\"aligncenter size-full\"><img loading=\"lazy\" decoding=\"async\" width=\"900\" height=\"650\" src=\"https:\/\/www.teval.com\/wp-content\/uploads\/2024\/09\/teval-qualita-e-personale-teval.jpg\" alt=\"\" class=\"wp-image-803\" srcset=\"https:\/\/www.teval.com\/wp-content\/uploads\/2024\/09\/teval-qualita-e-personale-teval.jpg 900w, https:\/\/www.teval.com\/wp-content\/uploads\/2024\/09\/teval-qualita-e-personale-teval-300x217.jpg 300w, https:\/\/www.teval.com\/wp-content\/uploads\/2024\/09\/teval-qualita-e-personale-teval-768x555.jpg 768w\" sizes=\"auto, (max-width: 900px) 100vw, 900px\" \/><\/figure>\n<\/div>\n\n\n<div style=\"height:80px\" aria-hidden=\"true\" class=\"wp-block-spacer\"><\/div>\n<\/div>\n<\/div>\n<\/div><\/div>\n\n\n\n<div style=\"height:80px\" aria-hidden=\"true\" class=\"wp-block-spacer\"><\/div>\n\n\n<div class=\"wp-block-image\">\n<figure class=\"aligncenter size-full\"><img loading=\"lazy\" decoding=\"async\" width=\"900\" height=\"651\" src=\"https:\/\/www.teval.com\/wp-content\/uploads\/2024\/09\/teval-punti-di-forza.jpg\" alt=\"\" class=\"wp-image-805\" srcset=\"https:\/\/www.teval.com\/wp-content\/uploads\/2024\/09\/teval-punti-di-forza.jpg 900w, https:\/\/www.teval.com\/wp-content\/uploads\/2024\/09\/teval-punti-di-forza-300x217.jpg 300w, https:\/\/www.teval.com\/wp-content\/uploads\/2024\/09\/teval-punti-di-forza-768x556.jpg 768w\" sizes=\"auto, (max-width: 900px) 100vw, 900px\" \/><\/figure>\n<\/div>\n\n\n<div style=\"height:30px\" aria-hidden=\"true\" class=\"wp-block-spacer\"><\/div>\n\n\n\n<h2 class=\"wp-block-heading has-text-align-center bilanciamento translation-block\">Its <span class=\"boldino\">STRENGTHS<\/span><\/h2>\n\n\n\n<p class=\"has-text-align-center lead has-neve-text-color-color has-text-color has-link-color wp-elements-15eb9c9e13fe2839e64a0545daf37eff\">TEVAL stands out on the market for its strengths:<\/p>\n\n\n\n<div style=\"height:30px\" aria-hidden=\"true\" class=\"wp-block-spacer\"><\/div>\n\n\n\n<div class=\"wp-block-columns container1024 is-layout-flex wp-container-core-columns-is-layout-9d6595d7 wp-block-columns-is-layout-flex\">\n<div class=\"wp-block-column is-layout-flow wp-block-column-is-layout-flow\"><div class=\"wp-block-image\">\n<figure class=\"alignleft size-full is-resized\"><img loading=\"lazy\" decoding=\"async\" width=\"142\" height=\"142\" src=\"https:\/\/www.teval.com\/wp-content\/uploads\/2024\/09\/teval-simbolo1.png\" alt=\"\" class=\"wp-image-816\" style=\"object-fit:cover;width:99px;height:99px\"\/><\/figure>\n<\/div>\n\n\n<div style=\"height:30px\" aria-hidden=\"true\" class=\"wp-block-spacer\"><\/div>\n\n\n\n<h4 class=\"wp-block-heading has-text-align-left\">THE HIGH QUALITY OF ITS VALVES<\/h4>\n\n\n\n<p>designed in detail, produced by advanced machineries and subjected to severe inspections and testing processes.<\/p>\n\n\n\n<div style=\"height:30px\" aria-hidden=\"true\" class=\"wp-block-spacer\"><\/div>\n<\/div>\n\n\n\n<div class=\"wp-block-column is-layout-flow wp-block-column-is-layout-flow\"><div class=\"wp-block-image\">\n<figure class=\"alignleft size-full is-resized\"><img loading=\"lazy\" decoding=\"async\" width=\"142\" height=\"142\" src=\"https:\/\/www.teval.com\/wp-content\/uploads\/2024\/09\/teval-simbolo2.png\" alt=\"\" class=\"wp-image-824\" style=\"object-fit:cover;width:99px;height:99px\"\/><\/figure>\n<\/div>\n\n\n<div style=\"height:30px\" aria-hidden=\"true\" class=\"wp-block-spacer\"><\/div>\n\n\n\n<h4 class=\"wp-block-heading has-text-align-left\">THE HIGH QUALITY OF THE MATERIALS USED<\/h4>\n\n\n\n<p>supplied by carefully selected and periodically verified companies.<\/p>\n\n\n\n<div style=\"height:30px\" aria-hidden=\"true\" class=\"wp-block-spacer\"><\/div>\n<\/div>\n\n\n\n<div class=\"wp-block-column is-layout-flow wp-block-column-is-layout-flow\"><div class=\"wp-block-image\">\n<figure class=\"alignleft size-full is-resized\"><img loading=\"lazy\" decoding=\"async\" width=\"142\" height=\"142\" src=\"https:\/\/www.teval.com\/wp-content\/uploads\/2024\/09\/teval-simbolo3.png\" alt=\"\" class=\"wp-image-827\" style=\"object-fit:cover;width:99px;height:99px\"\/><\/figure>\n<\/div>\n\n\n<div style=\"height:30px\" aria-hidden=\"true\" class=\"wp-block-spacer\"><\/div>\n\n\n\n<h4 class=\"wp-block-heading has-text-align-left\">PUNCTUALITY IN DELIVERIES<\/h4>\n\n\n\n<p>thanks to a precise management of the transport service and to a historic cooperation with the involved bodies and the most reliable transport companies around the world.<\/p>\n\n\n\n<div style=\"height:30px\" aria-hidden=\"true\" class=\"wp-block-spacer\"><\/div>\n<\/div>\n\n\n\n<div class=\"wp-block-column is-layout-flow wp-block-column-is-layout-flow\"><div class=\"wp-block-image\">\n<figure class=\"alignleft size-full is-resized\"><img loading=\"lazy\" decoding=\"async\" width=\"142\" height=\"142\" src=\"https:\/\/www.teval.com\/wp-content\/uploads\/2024\/09\/teval-simbolo4.png\" alt=\"\" class=\"wp-image-830\" style=\"object-fit:cover;width:99px;height:99px\"\/><\/figure>\n<\/div>\n\n\n<div style=\"height:30px\" aria-hidden=\"true\" class=\"wp-block-spacer\"><\/div>\n\n\n\n<h4 class=\"wp-block-heading has-text-align-left\">POST-SALES ASSISTANCE<\/h4>\n\n\n\n<p>with a service dedicated to assisting its customers with any need or clarification after the sale.<\/p>\n\n\n\n<div style=\"height:30px\" aria-hidden=\"true\" class=\"wp-block-spacer\"><\/div>\n<\/div>\n<\/div>\n\n\n\n<div style=\"height:50px\" aria-hidden=\"true\" class=\"wp-block-spacer\"><\/div>","protected":false},"excerpt":{"rendered":"<p>La nostra attenzione \u00e8 rivolta alla QUALIT\u00c0 TEVAL \u00e8 certificata con Sistema Qualit\u00e0 UNI EN ISO 9001:2015 e vanta sui suoi prodotti il marchio CE secondo la direttiva PED, la certificazione FIRE SAFE, nonch\u00e9 il certificato ATEX sulla protezione dalle esplosioni. Il suo Sistema Qualit\u00e0 coinvolge l\u2019intero processo produttivo, dalla progettazione al collaudo di ogni&hellip;&nbsp;<a href=\"https:\/\/www.teval.com\/en\/qualita-e-personale\/\" rel=\"bookmark\">Read More &raquo;<span class=\"screen-reader-text\">Quality and personnel<\/span><\/a><\/p>","protected":false},"author":1,"featured_media":0,"parent":0,"menu_order":0,"comment_status":"closed","ping_status":"closed","template":"","meta":{"neve_meta_sidebar":"","neve_meta_container":"","neve_meta_enable_content_width":"","neve_meta_content_width":0,"neve_meta_title_alignment":"","neve_meta_author_avatar":"","neve_post_elements_order":"","neve_meta_disable_header":"","neve_meta_disable_footer":"","neve_meta_disable_title":"on","neve_meta_reading_time":"","_themeisle_gutenberg_block_has_review":false,"footnotes":""},"class_list":["post-505","page","type-page","status-publish","hentry"],"_links":{"self":[{"href":"https:\/\/www.teval.com\/en\/wp-json\/wp\/v2\/pages\/505","targetHints":{"allow":["GET"]}}],"collection":[{"href":"https:\/\/www.teval.com\/en\/wp-json\/wp\/v2\/pages"}],"about":[{"href":"https:\/\/www.teval.com\/en\/wp-json\/wp\/v2\/types\/page"}],"author":[{"embeddable":true,"href":"https:\/\/www.teval.com\/en\/wp-json\/wp\/v2\/users\/1"}],"replies":[{"embeddable":true,"href":"https:\/\/www.teval.com\/en\/wp-json\/wp\/v2\/comments?post=505"}],"version-history":[{"count":35,"href":"https:\/\/www.teval.com\/en\/wp-json\/wp\/v2\/pages\/505\/revisions"}],"predecessor-version":[{"id":835,"href":"https:\/\/www.teval.com\/en\/wp-json\/wp\/v2\/pages\/505\/revisions\/835"}],"wp:attachment":[{"href":"https:\/\/www.teval.com\/en\/wp-json\/wp\/v2\/media?parent=505"}],"curies":[{"name":"wp","href":"https:\/\/api.w.org\/{rel}","templated":true}]}}